{"id":1916,"date":"2020-07-06T16:14:31","date_gmt":"2020-07-06T15:14:31","guid":{"rendered":"https:\/\/wetenner.de\/elementor-1382-copy\/"},"modified":"2026-03-12T21:30:23","modified_gmt":"2026-03-12T20:30:23","slug":"start","status":"publish","type":"page","link":"https:\/\/wetenner.de\/en\/","title":{"rendered":"Home"},"content":{"rendered":"<div data-elementor-type=\"wp-page\" data-elementor-id=\"1916\" class=\"elementor elementor-1916\" data-elementor-post-type=\"page\">\n\t\t\t\t\t\t<section class=\"elementor-section elementor-top-section elementor-element elementor-element-d138891 elementor-section-full_width elementor-section-height-default elementor-section-height-default\" data-id=\"d138891\" data-element_type=\"section\" data-settings=\"{&quot;background_background&quot;:&quot;classic&quot;,&quot;animation&quot;:&quot;none&quot;}\">\n\t\t\t\t\t\t<div class=\"elementor-container elementor-column-gap-no\">\n\t\t\t\t\t<div class=\"elementor-column elementor-col-100 elementor-top-column elementor-element elementor-element-a642caa\" data-id=\"a642caa\" data-element_type=\"column\">\n\t\t\t<div class=\"elementor-widget-wrap elementor-element-populated\">\n\t\t\t\t\t\t<section class=\"elementor-section elementor-inner-section elementor-element elementor-element-ff9767c elementor-section-full_width elementor-section-height-default elementor-section-height-default\" data-id=\"ff9767c\" data-element_type=\"section\">\n\t\t\t\t\t\t<div class=\"elementor-container elementor-column-gap-no\">\n\t\t\t\t\t<div class=\"elementor-column elementor-col-100 elementor-inner-column elementor-element elementor-element-08fd445\" data-id=\"08fd445\" data-element_type=\"column\">\n\t\t\t<div class=\"elementor-widget-wrap elementor-element-populated\">\n\t\t\t\t\t\t<div class=\"elementor-element elementor-element-352cb7a subhead2 elementor-widget elementor-widget-heading\" data-id=\"352cb7a\" data-element_type=\"widget\" data-widget_type=\"heading.default\">\n\t\t\t\t<div class=\"elementor-widget-container\">\n\t\t\t\t\t<h2 class=\"elementor-heading-title elementor-size-default\">\ud83d\udc9b ver\u00e4ndern. teilen. geben. \u2013 Ein letztes Mal.<\/h2>\t\t\t\t<\/div>\n\t\t\t\t<\/div>\n\t\t\t\t\t<\/div>\n\t\t<\/div>\n\t\t\t\t\t<\/div>\n\t\t<\/section>\n\t\t\t\t<section class=\"elementor-section elementor-inner-section elementor-element elementor-element-bfad704 elementor-section-full_width elementor-section-height-default elementor-section-height-default\" data-id=\"bfad704\" data-element_type=\"section\">\n\t\t\t\t\t\t<div class=\"elementor-container elementor-column-gap-default\">\n\t\t\t\t\t<div class=\"elementor-column elementor-col-66 elementor-inner-column elementor-element elementor-element-2300e56\" data-id=\"2300e56\" data-element_type=\"column\">\n\t\t\t<div class=\"elementor-widget-wrap elementor-element-populated\">\n\t\t\t\t\t\t<div class=\"elementor-element elementor-element-01bf375 elementor-widget elementor-widget-text-editor\" data-id=\"01bf375\" data-element_type=\"widget\" button=\"\" data-widget_type=\"text-editor.default\">\n\t\t\t\t<div class=\"elementor-widget-container\">\n\t\t\t\t\t\t\t\t\t<p class=\"white\">Ihr Lieben,<br \/><br \/>diese Nachricht f\u00fchlt sich ein bisschen anders an als sonst. Normalerweise erz\u00e4hlen wir euch hier von neuen Spenden, kleinen Erfolgen oder besonderen Momenten. Heute m\u00f6chten wir etwas teilen, das uns nicht leichtf\u00e4llt \u2013 und das wir trotzdem wichtig finden, offen mit euch zu sagen.<br \/><br \/><strong>\ud83d\udcac Warum wir stoppen \u2013 und warum das okay ist<\/strong><br \/><br \/>Seit unserer Gr\u00fcndung wollten wir zeigen, dass Spenden einfach, ehrlich und gemeinschaftlich funktionieren kann. 10 \u20ac im Monat \u2013 f\u00fcr viele kaum sp\u00fcrbar, f\u00fcr unsere NGOs jedoch wertvoll und wirksam.<br \/><br \/>Gemeinsam haben wir \u00fcber die Jahre tausende Euro gesammelt und weitergegeben, haben geholfen, wo Hilfe gebraucht wurde, und gezeigt, was m\u00f6glich ist, wenn Menschen sich zusammentun.<br \/><br \/>Wir haben lange dar\u00fcber gesprochen, hin- und her\u00fcberlegt und gehofft, wieder mehr Zeit und Energie in wetenner stecken zu k\u00f6nnen. Doch ehrlich gesagt: das schaffen wir aktuell einfach nicht. Wir wollen, dass wetenner ein Projekt bleibt, das mit Leidenschaft, Transparenz und Freude getragen wird \u2013 und nicht eines, das uns nur noch ein schlechtes Gewissen macht, weil wir ihm nicht gerecht werden k\u00f6nnen.<br \/><br \/>Unsere kleine Crew hinter wetenner hat \u2013 wie so viele von euch \u2013 Jobs, Familien, Kinder, Leben. Und in den letzten Monaten ist klar geworden, dass wir dem Projekt nicht mehr die Aufmerksamkeit schenken k\u00f6nnen, die es verdient.<br \/><br \/>Wir wollten ver\u00e4ndern. Wir wollten teilen. Wir wollten geben. Und das haben wir \u2013 mit ganzem Herzen.<br \/><br \/><br \/><strong>\ud83d\udcb8 Wie es jetzt weitergeht<\/strong><br \/><br \/>Wir werden bald eine letzte Aussch\u00fcttung vornehmen \u2013 nat\u00fcrlich transparent und wie immer zu 100 % an unsere zehn NGOs. Danach schlie\u00dfen wir unser Konto und leiten die formelle Aufl\u00f6sung des Vereins ein.<br \/><br \/>\ud83d\udc49 Bitte stoppt daher euren Dauerauftrag an \u201cwetenner e.V.\u201d. Solltet ihr das vergessen, keine Sorge \u2013 nicht zugestellte Zahlungen werden automatisch zur\u00fcckgebucht.<\/p>\t\t\t\t\t\t\t\t<\/div>\n\t\t\t\t<\/div>\n\t\t\t\t\t<\/div>\n\t\t<\/div>\n\t\t\t\t<div class=\"elementor-column elementor-col-33 elementor-inner-column elementor-element elementor-element-322dca1\" data-id=\"322dca1\" data-element_type=\"column\">\n\t\t\t<div class=\"elementor-widget-wrap\">\n\t\t\t\t\t\t\t<\/div>\n\t\t<\/div>\n\t\t\t\t\t<\/div>\n\t\t<\/section>\n\t\t\t\t\t<\/div>\n\t\t<\/div>\n\t\t\t\t\t<\/div>\n\t\t<\/section>\n\t\t\t\t<\/div>","protected":false},"excerpt":{"rendered":"<p>\ud83d\udc9b ver\u00e4ndern. teilen. geben. \u2013 Ein letztes Mal. Ihr Lieben, diese Nachricht f\u00fchlt sich ein bisschen anders an als sonst. Normalerweise erz\u00e4hlen wir euch hier von neuen Spenden, kleinen Erfolgen oder besonderen Momenten. Heute m\u00f6chten wir etwas teilen, das uns nicht leichtf\u00e4llt \u2013 und das wir trotzdem wichtig finden, offen mit euch zu sagen. \ud83d\udcac&hellip;<\/p>","protected":false},"author":1,"featured_media":3038,"parent":0,"menu_order":0,"comment_status":"closed","ping_status":"closed","template":"","meta":{"footnotes":""},"class_list":["post-1916","page","type-page","status-publish","has-post-thumbnail","hentry"],"yoast_head":"<!-- This site is optimized with the Yoast SEO plugin v27.3 - https:\/\/yoast.com\/product\/yoast-seo-wordpress\/ -->\n<title>Home - wetenner<\/title>\n<meta name=\"robots\" content=\"index, follow, max-snippet:-1, max-image-preview:large, max-video-preview:-1\" \/>\n<link rel=\"canonical\" href=\"https:\/\/wetenner.de\/en\/\" \/>\n<meta property=\"og:locale\" content=\"en_GB\" \/>\n<meta property=\"og:type\" content=\"article\" \/>\n<meta property=\"og:title\" content=\"wetenner\" \/>\n<meta property=\"og:description\" content=\"\ud83d\udc9b ver\u00e4ndern. teilen. geben. \u2013 Ein letztes Mal. Ihr Lieben, diese Nachricht f\u00fchlt sich ein bisschen anders an als sonst. Normalerweise erz\u00e4hlen wir euch hier von neuen Spenden, kleinen Erfolgen oder besonderen Momenten. Heute m\u00f6chten wir etwas teilen, das uns nicht leichtf\u00e4llt \u2013 und das wir trotzdem wichtig finden, offen mit euch zu sagen. \ud83d\udcac&hellip;\" \/>\n<meta property=\"og:url\" content=\"https:\/\/wetenner.de\/en\/\" \/>\n<meta property=\"og:site_name\" content=\"wetenner\" \/>\n<meta property=\"article:modified_time\" content=\"2026-03-12T20:30:23+00:00\" \/>\n<meta property=\"og:image\" content=\"https:\/\/wetenner.de\/wp-content\/uploads\/Bildschirmfoto-2021-04-20-um-12.23.07.png\" \/>\n\t<meta property=\"og:image:width\" content=\"2387\" \/>\n\t<meta property=\"og:image:height\" content=\"1203\" \/>\n\t<meta property=\"og:image:type\" content=\"image\/png\" \/>\n<meta name=\"twitter:card\" content=\"summary_large_image\" \/>\n<meta name=\"twitter:image\" content=\"https:\/\/wetenner.de\/wp-content\/uploads\/Bildschirmfoto-2021-04-20-um-12.23.07.png\" \/>\n<meta name=\"twitter:label1\" content=\"Estimated reading time\" \/>\n\t<meta name=\"twitter:data1\" content=\"2 minutes\" \/>\n<script type=\"application\/ld+json\" class=\"yoast-schema-graph\">{\"@context\":\"https:\\\/\\\/schema.org\",\"@graph\":[{\"@type\":\"WebPage\",\"@id\":\"https:\\\/\\\/wetenner.de\\\/\",\"url\":\"https:\\\/\\\/wetenner.de\\\/\",\"name\":\"Home - wetenner\",\"isPartOf\":{\"@id\":\"https:\\\/\\\/wetenner.de\\\/#website\"},\"primaryImageOfPage\":{\"@id\":\"https:\\\/\\\/wetenner.de\\\/#primaryimage\"},\"image\":{\"@id\":\"https:\\\/\\\/wetenner.de\\\/#primaryimage\"},\"thumbnailUrl\":\"https:\\\/\\\/wetenner.de\\\/wp-content\\\/uploads\\\/Bildschirmfoto-2021-04-20-um-12.23.07.png\",\"datePublished\":\"2020-07-06T15:14:31+00:00\",\"dateModified\":\"2026-03-12T20:30:23+00:00\",\"breadcrumb\":{\"@id\":\"https:\\\/\\\/wetenner.de\\\/#breadcrumb\"},\"inLanguage\":\"en-GB\",\"potentialAction\":[{\"@type\":\"ReadAction\",\"target\":[\"https:\\\/\\\/wetenner.de\\\/\"]}]},{\"@type\":\"ImageObject\",\"inLanguage\":\"en-GB\",\"@id\":\"https:\\\/\\\/wetenner.de\\\/#primaryimage\",\"url\":\"https:\\\/\\\/wetenner.de\\\/wp-content\\\/uploads\\\/Bildschirmfoto-2021-04-20-um-12.23.07.png\",\"contentUrl\":\"https:\\\/\\\/wetenner.de\\\/wp-content\\\/uploads\\\/Bildschirmfoto-2021-04-20-um-12.23.07.png\",\"width\":2387,\"height\":1203},{\"@type\":\"BreadcrumbList\",\"@id\":\"https:\\\/\\\/wetenner.de\\\/#breadcrumb\",\"itemListElement\":[{\"@type\":\"ListItem\",\"position\":1,\"name\":\"Startseite\",\"item\":\"https:\\\/\\\/wetenner.de\\\/\"},{\"@type\":\"ListItem\",\"position\":2,\"name\":\"Home\"}]},{\"@type\":\"WebSite\",\"@id\":\"https:\\\/\\\/wetenner.de\\\/#website\",\"url\":\"https:\\\/\\\/wetenner.de\\\/\",\"name\":\"wetenner\",\"description\":\"Let&#039;s change the way we donate!\",\"publisher\":{\"@id\":\"https:\\\/\\\/wetenner.de\\\/#organization\"},\"potentialAction\":[{\"@type\":\"SearchAction\",\"target\":{\"@type\":\"EntryPoint\",\"urlTemplate\":\"https:\\\/\\\/wetenner.de\\\/?s={search_term_string}\"},\"query-input\":{\"@type\":\"PropertyValueSpecification\",\"valueRequired\":true,\"valueName\":\"search_term_string\"}}],\"inLanguage\":\"en-GB\"},{\"@type\":\"Organization\",\"@id\":\"https:\\\/\\\/wetenner.de\\\/#organization\",\"name\":\"wetenner e.V.\",\"url\":\"https:\\\/\\\/wetenner.de\\\/\",\"logo\":{\"@type\":\"ImageObject\",\"inLanguage\":\"en-GB\",\"@id\":\"https:\\\/\\\/wetenner.de\\\/#\\\/schema\\\/logo\\\/image\\\/\",\"url\":\"https:\\\/\\\/wetenner.de\\\/wp-content\\\/uploads\\\/wetenner_logo-2.png\",\"contentUrl\":\"https:\\\/\\\/wetenner.de\\\/wp-content\\\/uploads\\\/wetenner_logo-2.png\",\"width\":3285,\"height\":526,\"caption\":\"wetenner e.V.\"},\"image\":{\"@id\":\"https:\\\/\\\/wetenner.de\\\/#\\\/schema\\\/logo\\\/image\\\/\"}}]}<\/script>\n<!-- \/ Yoast SEO plugin. -->","yoast_head_json":{"title":"Home - wetenner","robots":{"index":"index","follow":"follow","max-snippet":"max-snippet:-1","max-image-preview":"max-image-preview:large","max-video-preview":"max-video-preview:-1"},"canonical":"https:\/\/wetenner.de\/en\/","og_locale":"en_GB","og_type":"article","og_title":"wetenner","og_description":"\ud83d\udc9b ver\u00e4ndern. teilen. geben. \u2013 Ein letztes Mal. Ihr Lieben, diese Nachricht f\u00fchlt sich ein bisschen anders an als sonst. Normalerweise erz\u00e4hlen wir euch hier von neuen Spenden, kleinen Erfolgen oder besonderen Momenten. Heute m\u00f6chten wir etwas teilen, das uns nicht leichtf\u00e4llt \u2013 und das wir trotzdem wichtig finden, offen mit euch zu sagen. \ud83d\udcac&hellip;","og_url":"https:\/\/wetenner.de\/en\/","og_site_name":"wetenner","article_modified_time":"2026-03-12T20:30:23+00:00","og_image":[{"width":2387,"height":1203,"url":"https:\/\/wetenner.de\/wp-content\/uploads\/Bildschirmfoto-2021-04-20-um-12.23.07.png","type":"image\/png"}],"twitter_card":"summary_large_image","twitter_image":"https:\/\/wetenner.de\/wp-content\/uploads\/Bildschirmfoto-2021-04-20-um-12.23.07.png","twitter_misc":{"Estimated reading time":"2 minutes"},"schema":{"@context":"https:\/\/schema.org","@graph":[{"@type":"WebPage","@id":"https:\/\/wetenner.de\/","url":"https:\/\/wetenner.de\/","name":"Home - wetenner","isPartOf":{"@id":"https:\/\/wetenner.de\/#website"},"primaryImageOfPage":{"@id":"https:\/\/wetenner.de\/#primaryimage"},"image":{"@id":"https:\/\/wetenner.de\/#primaryimage"},"thumbnailUrl":"https:\/\/wetenner.de\/wp-content\/uploads\/Bildschirmfoto-2021-04-20-um-12.23.07.png","datePublished":"2020-07-06T15:14:31+00:00","dateModified":"2026-03-12T20:30:23+00:00","breadcrumb":{"@id":"https:\/\/wetenner.de\/#breadcrumb"},"inLanguage":"en-GB","potentialAction":[{"@type":"ReadAction","target":["https:\/\/wetenner.de\/"]}]},{"@type":"ImageObject","inLanguage":"en-GB","@id":"https:\/\/wetenner.de\/#primaryimage","url":"https:\/\/wetenner.de\/wp-content\/uploads\/Bildschirmfoto-2021-04-20-um-12.23.07.png","contentUrl":"https:\/\/wetenner.de\/wp-content\/uploads\/Bildschirmfoto-2021-04-20-um-12.23.07.png","width":2387,"height":1203},{"@type":"BreadcrumbList","@id":"https:\/\/wetenner.de\/#breadcrumb","itemListElement":[{"@type":"ListItem","position":1,"name":"Startseite","item":"https:\/\/wetenner.de\/"},{"@type":"ListItem","position":2,"name":"Home"}]},{"@type":"WebSite","@id":"https:\/\/wetenner.de\/#website","url":"https:\/\/wetenner.de\/","name":"wetenner","description":"Let&#039;s change the way we donate!","publisher":{"@id":"https:\/\/wetenner.de\/#organization"},"potentialAction":[{"@type":"SearchAction","target":{"@type":"EntryPoint","urlTemplate":"https:\/\/wetenner.de\/?s={search_term_string}"},"query-input":{"@type":"PropertyValueSpecification","valueRequired":true,"valueName":"search_term_string"}}],"inLanguage":"en-GB"},{"@type":"Organization","@id":"https:\/\/wetenner.de\/#organization","name":"wetenner e.V.","url":"https:\/\/wetenner.de\/","logo":{"@type":"ImageObject","inLanguage":"en-GB","@id":"https:\/\/wetenner.de\/#\/schema\/logo\/image\/","url":"https:\/\/wetenner.de\/wp-content\/uploads\/wetenner_logo-2.png","contentUrl":"https:\/\/wetenner.de\/wp-content\/uploads\/wetenner_logo-2.png","width":3285,"height":526,"caption":"wetenner e.V."},"image":{"@id":"https:\/\/wetenner.de\/#\/schema\/logo\/image\/"}}]}},"_links":{"self":[{"href":"https:\/\/wetenner.de\/en\/wp-json\/wp\/v2\/pages\/1916","targetHints":{"allow":["GET"]}}],"collection":[{"href":"https:\/\/wetenner.de\/en\/wp-json\/wp\/v2\/pages"}],"about":[{"href":"https:\/\/wetenner.de\/en\/wp-json\/wp\/v2\/types\/page"}],"author":[{"embeddable":true,"href":"https:\/\/wetenner.de\/en\/wp-json\/wp\/v2\/users\/1"}],"replies":[{"embeddable":true,"href":"https:\/\/wetenner.de\/en\/wp-json\/wp\/v2\/comments?post=1916"}],"version-history":[{"count":734,"href":"https:\/\/wetenner.de\/en\/wp-json\/wp\/v2\/pages\/1916\/revisions"}],"predecessor-version":[{"id":3478,"href":"https:\/\/wetenner.de\/en\/wp-json\/wp\/v2\/pages\/1916\/revisions\/3478"}],"wp:featuredmedia":[{"embeddable":true,"href":"https:\/\/wetenner.de\/en\/wp-json\/wp\/v2\/media\/3038"}],"wp:attachment":[{"href":"https:\/\/wetenner.de\/en\/wp-json\/wp\/v2\/media?parent=1916"}],"curies":[{"name":"wp","href":"https:\/\/api.w.org\/{rel}","templated":true}]}}